{"id":72,"date":"2025-02-20T06:42:21","date_gmt":"2025-02-20T05:42:21","guid":{"rendered":"https:\/\/khnasls.cluster021.hosting.ovh.net\/?page_id=72"},"modified":"2025-02-24T11:03:47","modified_gmt":"2025-02-24T10:03:47","slug":"excursions-touristiques","status":"publish","type":"page","link":"https:\/\/vtc85.fr\/index.php\/excursions-touristiques\/","title":{"rendered":"Excursions touristiques"},"content":{"rendered":"<p>[et_pb_section fb_built=\u00a0\u00bb1&Prime; fullwidth=\u00a0\u00bbon\u00a0\u00bb _builder_version=\u00a0\u00bb4.27.4&Prime; _module_preset=\u00a0\u00bbdefault\u00a0\u00bb background_image=\u00a0\u00bbhttps:\/\/vtc85.fr\/wp-content\/uploads\/2025\/02\/tourisme.jpg\u00a0\u00bb parallax=\u00a0\u00bbon\u00a0\u00bb hover_enabled=\u00a0\u00bb0&Prime; locked=\u00a0\u00bboff\u00a0\u00bb global_colors_info=\u00a0\u00bb{}\u00a0\u00bb title_text=\u00a0\u00bbtourisme\u00a0\u00bb sticky_enabled=\u00a0\u00bb0&Prime;][et_pb_fullwidth_header title=\u00a0\u00bbExcursions touristiques en Vend\u00e9e (85) enVTC service taxi\u00a0\u00bb text_orientation=\u00a0\u00bbcenter\u00a0\u00bb header_fullscreen=\u00a0\u00bbon\u00a0\u00bb _builder_version=\u00a0\u00bb4.27.4&Prime; _module_preset=\u00a0\u00bbdefault\u00a0\u00bb title_font=\u00a0\u00bbBitter||||||||\u00a0\u00bb background_color=\u00a0\u00bbrgba(0,0,0,0.55)\u00a0\u00bb global_colors_info=\u00a0\u00bb{}\u00a0\u00bb][\/et_pb_fullwidth_header][\/et_pb_section][et_pb_section fb_built=\u00a0\u00bb1&Prime; _builder_version=\u00a0\u00bb4.27.4&Prime; _module_preset=\u00a0\u00bbdefault\u00a0\u00bb min_height=\u00a0\u00bb309.4px\u00a0\u00bb custom_padding=\u00a0\u00bb||28px|||\u00a0\u00bb locked=\u00a0\u00bboff\u00a0\u00bb global_colors_info=\u00a0\u00bb{}\u00a0\u00bb][et_pb_row _builder_version=\u00a0\u00bb4.27.4&Prime; _module_preset=\u00a0\u00bbdefault\u00a0\u00bb custom_padding=\u00a0\u00bb6px|||||\u00a0\u00bb global_colors_info=\u00a0\u00bb{}\u00a0\u00bb][et_pb_column type=\u00a0\u00bb4_4&Prime; _builder_version=\u00a0\u00bb4.27.4&Prime; _module_preset=\u00a0\u00bbdefault\u00a0\u00bb global_colors_info=\u00a0\u00bb{}\u00a0\u00bb][et_pb_text _builder_version=\u00a0\u00bb4.27.4&Prime; _module_preset=\u00a0\u00bbdefault\u00a0\u00bb text_font_size=\u00a0\u00bb18px\u00a0\u00bb text_line_height=\u00a0\u00bb1.6em\u00a0\u00bb text_orientation=\u00a0\u00bbcenter\u00a0\u00bb min_height=\u00a0\u00bb100.4px\u00a0\u00bb custom_padding=\u00a0\u00bb0px|||||\u00a0\u00bb global_colors_info=\u00a0\u00bb{}\u00a0\u00bb]<\/p>\n<p>D\u00e9couvrez les sites embl\u00e9matiques de la Vend\u00e9e lors d&rsquo;excursions personnalis\u00e9es avec VTC85. Nos chauffeurs exp\u00e9riment\u00e9s vous conduisent en toute s\u00e9curit\u00e9 et confort vers des exp\u00e9riences inoubliables<\/p>\n<p>[\/et_pb_text][\/et_pb_column][\/et_pb_row][et_pb_row _builder_version=\u00a0\u00bb4.27.4&Prime; _module_preset=\u00a0\u00bbdefault\u00a0\u00bb global_colors_info=\u00a0\u00bb{}\u00a0\u00bb][et_pb_column type=\u00a0\u00bb4_4&Prime; _builder_version=\u00a0\u00bb4.27.4&Prime; _module_preset=\u00a0\u00bbdefault\u00a0\u00bb global_colors_info=\u00a0\u00bb{}\u00a0\u00bb][et_pb_text _builder_version=\u00a0\u00bb4.27.4&Prime; _module_preset=\u00a0\u00bbdefault\u00a0\u00bb global_colors_info=\u00a0\u00bb{}\u00a0\u00bb]<\/p>\n<h4 style=\"text-align: center;\">D\u00e9couvrez les sites incontournables de la Vend\u00e9e :<\/h4>\n<p>[\/et_pb_text][\/et_pb_column][\/et_pb_row][et_pb_row column_structure=\u00a0\u00bb1_3,1_3,1_3&Prime; _builder_version=\u00a0\u00bb4.27.4&Prime; _module_preset=\u00a0\u00bbdefault\u00a0\u00bb width=\u00a0\u00bb100%\u00a0\u00bb max_width=\u00a0\u00bb1140px\u00a0\u00bb custom_padding=\u00a0\u00bb|5px||5px|false|false\u00a0\u00bb hover_enabled=\u00a0\u00bb0&Prime; global_colors_info=\u00a0\u00bb{}\u00a0\u00bb sticky_enabled=\u00a0\u00bb0&Prime;][et_pb_column type=\u00a0\u00bb1_3&Prime; _builder_version=\u00a0\u00bb4.27.4&Prime; _module_preset=\u00a0\u00bbdefault\u00a0\u00bb global_colors_info=\u00a0\u00bb{}\u00a0\u00bb][et_pb_blurb title=\u00a0\u00bbLe Puy du Fou\u00a0\u00bb image=\u00a0\u00bbhttps:\/\/vtc85.fr\/wp-content\/uploads\/2025\/02\/excursions-1-1.jpg\u00a0\u00bb _builder_version=\u00a0\u00bb4.27.4&Prime; _module_preset=\u00a0\u00bbdefault\u00a0\u00bb hover_enabled=\u00a0\u00bb0&Prime; global_colors_info=\u00a0\u00bb{}\u00a0\u00bb title_text=\u00a0\u00bbexcursions-1&Prime; sticky_enabled=\u00a0\u00bb0&Prime;]<\/p>\n<p>Plongez au c\u0153ur de l&rsquo;histoire avec des spectacles grandioses et des villages d&rsquo;\u00e9poque. Le Puy du Fou vous offre une exp\u00e9rience unique et immersive pour toute la famille.<\/p>\n<p>[\/et_pb_blurb][\/et_pb_column][et_pb_column type=\u00a0\u00bb1_3&Prime; _builder_version=\u00a0\u00bb4.27.4&Prime; _module_preset=\u00a0\u00bbdefault\u00a0\u00bb global_colors_info=\u00a0\u00bb{}\u00a0\u00bb][et_pb_blurb title=\u00a0\u00bbO&rsquo;Gliss Park\u00a0\u00bb image=\u00a0\u00bbhttps:\/\/vtc85.fr\/wp-content\/uploads\/2025\/02\/excursions-2-1.jpg\u00a0\u00bb _builder_version=\u00a0\u00bb4.27.4&Prime; _module_preset=\u00a0\u00bbdefault\u00a0\u00bb hover_enabled=\u00a0\u00bb0&Prime; global_colors_info=\u00a0\u00bb{}\u00a0\u00bb title_text=\u00a0\u00bbexcursions-2&Prime; sticky_enabled=\u00a0\u00bb0&Prime;]<\/p>\n<p>Vivez une journ\u00e9e rafra\u00eechissante et pleine de sensations \u00e0 O&rsquo;Gliss Park, le plus grand parc aquatique de Vend\u00e9e. Toboggans g\u00e9ants, piscines \u00e0 vagues et espaces d\u00e9tente vous attendent.<\/p>\n<p>[\/et_pb_blurb][\/et_pb_column][et_pb_column type=\u00a0\u00bb1_3&Prime; _builder_version=\u00a0\u00bb4.27.4&Prime; _module_preset=\u00a0\u00bbdefault\u00a0\u00bb global_colors_info=\u00a0\u00bb{}\u00a0\u00bb][et_pb_blurb title=\u00a0\u00bbLes Haras de Vend\u00e9e\u00a0\u00bb image=\u00a0\u00bbhttps:\/\/vtc85.fr\/wp-content\/uploads\/2025\/02\/excursions-3-1.jpg\u00a0\u00bb _builder_version=\u00a0\u00bb4.27.4&Prime; _module_preset=\u00a0\u00bbdefault\u00a0\u00bb hover_enabled=\u00a0\u00bb0&Prime; global_colors_info=\u00a0\u00bb{}\u00a0\u00bb title_text=\u00a0\u00bbexcursions-3&Prime; sticky_enabled=\u00a0\u00bb0&Prime;]<\/p>\n<p style=\"text-align: justify;\">D\u00e9couvrez l&rsquo;univers fascinant des Haras de Vend\u00e9e, un lieu d&rsquo;exception d\u00e9di\u00e9 au cheval. Visitez les \u00e9curies, assistez \u00e0 des spectacles \u00e9questres et admirez les magnifiques chevaux vend\u00e9ens.<\/p>\n<p>[\/et_pb_blurb][\/et_pb_column][\/et_pb_row][\/et_pb_section][et_pb_section fb_built=\u00a0\u00bb1&Prime; fullwidth=\u00a0\u00bbon\u00a0\u00bb _builder_version=\u00a0\u00bb4.27.4&Prime; _module_preset=\u00a0\u00bbdefault\u00a0\u00bb background_image=\u00a0\u00bbhttps:\/\/vtc85.fr\/wp-content\/uploads\/2025\/02\/ImageToStl.com_img_1217-scaled.webp\u00a0\u00bb parallax=\u00a0\u00bbon\u00a0\u00bb hover_enabled=\u00a0\u00bb0&Prime; locked=\u00a0\u00bboff\u00a0\u00bb global_colors_info=\u00a0\u00bb{}\u00a0\u00bb title_text=\u00a0\u00bbImageToStl.com_img_1217&Prime; sticky_enabled=\u00a0\u00bb0&Prime;][et_pb_fullwidth_slider _builder_version=\u00a0\u00bb4.27.4&Prime; _module_preset=\u00a0\u00bbdefault\u00a0\u00bb background_color=\u00a0\u00bbrgba(0,0,0,0.66)\u00a0\u00bb global_colors_info=\u00a0\u00bb{}\u00a0\u00bb][et_pb_slide heading=\u00a0\u00bbConfort et \u00e9l\u00e9gance\u00a0\u00bb _builder_version=\u00a0\u00bb4.27.4&Prime; _module_preset=\u00a0\u00bbdefault\u00a0\u00bb global_colors_info=\u00a0\u00bb{}\u00a0\u00bb sticky_transition=\u00a0\u00bbon\u00a0\u00bb]<\/p>\n<p>Voyagez \u00e0 bord d&rsquo;une Tesla, un v\u00e9hicule \u00e9lectrique haut de gamme, spacieux et silencieux. Profitez d&rsquo;un confort exceptionnel et d&rsquo;une exp\u00e9rience de transport unique.<\/p>\n<p>[\/et_pb_slide][et_pb_slide heading=\u00a0\u00bbPersonnalisation\u00a0\u00bb _builder_version=\u00a0\u00bb4.27.4&Prime; _module_preset=\u00a0\u00bbdefault\u00a0\u00bb global_colors_info=\u00a0\u00bb{}\u00a0\u00bb sticky_transition=\u00a0\u00bbon\u00a0\u00bb]<\/p>\n<p>Je vous propose des itin\u00e9raires sur mesure, adapt\u00e9s \u00e0 vos envies et \u00e0 vos centres d&rsquo;int\u00e9r\u00eat. Choisissez les sites que vous souhaitez visiter et le rythme qui vous convient.<\/p>\n<p>[\/et_pb_slide][et_pb_slide heading=\u00a0\u00bb\u00c9cologie\u00a0\u00bb _builder_version=\u00a0\u00bb4.27.4&Prime; _module_preset=\u00a0\u00bbdefault\u00a0\u00bb global_colors_info=\u00a0\u00bb{}\u00a0\u00bb sticky_transition=\u00a0\u00bbon\u00a0\u00bb]<\/p>\n<p>Optez pour un mode de transport respectueux de l&rsquo;environnement en choisissant un VTC Tesla.<\/p>\n<p>[\/et_pb_slide][et_pb_slide heading=\u00a0\u00bbChauffeur professionnel et exp\u00e9riment\u00e9\u00a0\u00bb _builder_version=\u00a0\u00bb4.27.4&Prime; _module_preset=\u00a0\u00bbdefault\u00a0\u00bb global_colors_info=\u00a0\u00bb{}\u00a0\u00bb sticky_transition=\u00a0\u00bbon\u00a0\u00bb]<\/p>\n<p>Je suis un chauffeur VTC passionn\u00e9 par mon m\u00e9tier et soucieux de votre satisfaction. Je vous offre un service personnalis\u00e9 et attentionn\u00e9.<\/p>\n<p>[\/et_pb_slide][et_pb_slide heading=\u00a0\u00bbFlexibilit\u00e9 \u00a0\u00bb _builder_version=\u00a0\u00bb4.27.4&Prime; _module_preset=\u00a0\u00bbdefault\u00a0\u00bb global_colors_info=\u00a0\u00bb{}\u00a0\u00bb sticky_transition=\u00a0\u00bbon\u00a0\u00bb]<\/p>\n<p>Je m&rsquo;adapte \u00e0 vos horaires et \u00e0 vos besoins sp\u00e9cifiques.<\/p>\n<p>[\/et_pb_slide][et_pb_slide heading=\u00a0\u00bbTarifs comp\u00e9titifs \u00a0\u00bb _builder_version=\u00a0\u00bb4.27.4&Prime; _module_preset=\u00a0\u00bbdefault\u00a0\u00bb global_colors_info=\u00a0\u00bb{}\u00a0\u00bb sticky_transition=\u00a0\u00bbon\u00a0\u00bb]<\/p>\n<p>Je vous propose des tarifs transparents et definis \u00e0 l&rsquo;avance.<\/p>\n<p>[\/et_pb_slide][\/et_pb_fullwidth_slider][\/et_pb_section][et_pb_section fb_built=\u00a0\u00bb1&Prime; _builder_version=\u00a0\u00bb4.27.4&Prime; _module_preset=\u00a0\u00bbdefault\u00a0\u00bb locked=\u00a0\u00bboff\u00a0\u00bb global_colors_info=\u00a0\u00bb{}\u00a0\u00bb][et_pb_row _builder_version=\u00a0\u00bb4.27.4&Prime; _module_preset=\u00a0\u00bbdefault\u00a0\u00bb global_colors_info=\u00a0\u00bb{}\u00a0\u00bb][et_pb_column type=\u00a0\u00bb4_4&Prime; _builder_version=\u00a0\u00bb4.27.4&Prime; _module_preset=\u00a0\u00bbdefault\u00a0\u00bb global_colors_info=\u00a0\u00bb{}\u00a0\u00bb][et_pb_text _builder_version=\u00a0\u00bb4.27.4&Prime; _module_preset=\u00a0\u00bbdefault\u00a0\u00bb text_font_size=\u00a0\u00bb16px\u00a0\u00bb text_orientation=\u00a0\u00bbcenter\u00a0\u00bb global_colors_info=\u00a0\u00bb{}\u00a0\u00bb]<\/p>\n<p>Contactez-moi pour discuter de votre projet et obtenir un devis personnalis\u00e9.<\/p>\n<p>[\/et_pb_text][\/et_pb_column][\/et_pb_row][et_pb_row _builder_version=\u00a0\u00bb4.27.4&Prime; _module_preset=\u00a0\u00bbdefault\u00a0\u00bb global_colors_info=\u00a0\u00bb{}\u00a0\u00bb][et_pb_column type=\u00a0\u00bb4_4&Prime; _builder_version=\u00a0\u00bb4.27.4&Prime; _module_preset=\u00a0\u00bbdefault\u00a0\u00bb global_colors_info=\u00a0\u00bb{}\u00a0\u00bb][et_pb_button button_text=\u00a0\u00bbDemandez votre devis gratuit\u00a0\u00bb button_alignment=\u00a0\u00bbcenter\u00a0\u00bb _builder_version=\u00a0\u00bb4.27.4&Prime; _module_preset=\u00a0\u00bbdefault\u00a0\u00bb custom_button=\u00a0\u00bbon\u00a0\u00bb button_text_size=\u00a0\u00bb20px\u00a0\u00bb button_text_color=\u00a0\u00bb#000000&Prime; hover_enabled=\u00a0\u00bb0&Prime; global_colors_info=\u00a0\u00bb{}\u00a0\u00bb button_url=\u00a0\u00bbhttps:\/\/vtc85.fr\/index.php\/contact\/\u00a0\u00bb sticky_enabled=\u00a0\u00bb0&Prime;][\/et_pb_button][\/et_pb_column][\/et_pb_row][et_pb_row _builder_version=\u00a0\u00bb4.27.4&Prime; _module_preset=\u00a0\u00bbdefault\u00a0\u00bb global_colors_info=\u00a0\u00bb{}\u00a0\u00bb][et_pb_column type=\u00a0\u00bb4_4&Prime; _builder_version=\u00a0\u00bb4.27.4&Prime; _module_preset=\u00a0\u00bbdefault\u00a0\u00bb global_colors_info=\u00a0\u00bb{}\u00a0\u00bb][et_pb_image src=\u00a0\u00bbhttps:\/\/vtc85.fr\/wp-content\/uploads\/2025\/02\/zero-emission.jpg\u00a0\u00bb title_text=\u00a0\u00bbzero-emission\u00a0\u00bb align=\u00a0\u00bbcenter\u00a0\u00bb _builder_version=\u00a0\u00bb4.27.4&Prime; _module_preset=\u00a0\u00bbdefault\u00a0\u00bb hover_enabled=\u00a0\u00bb0&Prime; global_colors_info=\u00a0\u00bb{}\u00a0\u00bb sticky_enabled=\u00a0\u00bb0&Prime;][\/et_pb_image][\/et_pb_column][\/et_pb_row][\/et_pb_section]<\/p>\n","protected":false},"excerpt":{"rendered":"<p>D\u00e9couvrez les sites embl\u00e9matiques de la Vend\u00e9e lors d&rsquo;excursions personnalis\u00e9es avec VTC85. Nos chauffeurs exp\u00e9riment\u00e9s vous conduisent en toute s\u00e9curit\u00e9 et confort vers des exp\u00e9riences inoubliablesD\u00e9couvrez les sites incontournables de la Vend\u00e9e :Plongez au c\u0153ur de l&rsquo;histoire avec des spectacles grandioses et des villages d&rsquo;\u00e9poque. Le Puy du Fou vous offre une exp\u00e9rience unique et immersive pour toute la famille.Vivez une journ\u00e9e rafra\u00eechissante et pleine de sensations \u00e0 O&rsquo;Gliss Park, le plus grand parc aquatique de Vend\u00e9e. Toboggans g\u00e9ants, piscines \u00e0 vagues et espaces d\u00e9tente vous attendent.D\u00e9couvrez l&rsquo;univers fascinant des Haras de Vend\u00e9e, un lieu d&rsquo;exception d\u00e9di\u00e9 au cheval. Visitez les \u00e9curies, assistez \u00e0 des spectacles \u00e9questres et admirez les magnifiques chevaux vend\u00e9ens.Voyagez \u00e0 bord d&rsquo;une Tesla, un v\u00e9hicule \u00e9lectrique haut de gamme, spacieux et silencieux. Profitez d&rsquo;un confort exceptionnel et d&rsquo;une exp\u00e9rience de transport unique.Je vous propose des itin\u00e9raires sur mesure, adapt\u00e9s \u00e0 vos envies et \u00e0 vos centres d&rsquo;int\u00e9r\u00eat. Choisissez les sites que vous souhaitez visiter et le rythme qui vous convient.Optez pour un mode de transport respectueux de l&rsquo;environnement en choisissant un VTC Tesla.Je suis un chauffeur VTC passionn\u00e9 par mon m\u00e9tier et soucieux de votre satisfaction. Je vous offre un service personnalis\u00e9 et attentionn\u00e9.Je m&rsquo;adapte \u00e0 vos horaires et \u00e0 vos besoins sp\u00e9cifiques.Je vous propose des tarifs transparents et definis \u00e0 l&rsquo;avance.Contactez-moi pour discuter de votre projet et obtenir un devis personnalis\u00e9.<\/p>\n","protected":false},"author":1,"featured_media":0,"parent":0,"menu_order":0,"comment_status":"closed","ping_status":"closed","template":"","meta":{"_et_pb_use_builder":"on","_et_pb_old_content":"","_et_gb_content_width":"","footnotes":""},"class_list":["post-72","page","type-page","status-publish","hentry"],"_links":{"self":[{"href":"https:\/\/vtc85.fr\/index.php\/wp-json\/wp\/v2\/pages\/72","targetHints":{"allow":["GET"]}}],"collection":[{"href":"https:\/\/vtc85.fr\/index.php\/wp-json\/wp\/v2\/pages"}],"about":[{"href":"https:\/\/vtc85.fr\/index.php\/wp-json\/wp\/v2\/types\/page"}],"author":[{"embeddable":true,"href":"https:\/\/vtc85.fr\/index.php\/wp-json\/wp\/v2\/users\/1"}],"replies":[{"embeddable":true,"href":"https:\/\/vtc85.fr\/index.php\/wp-json\/wp\/v2\/comments?post=72"}],"version-history":[{"count":9,"href":"https:\/\/vtc85.fr\/index.php\/wp-json\/wp\/v2\/pages\/72\/revisions"}],"predecessor-version":[{"id":163,"href":"https:\/\/vtc85.fr\/index.php\/wp-json\/wp\/v2\/pages\/72\/revisions\/163"}],"wp:attachment":[{"href":"https:\/\/vtc85.fr\/index.php\/wp-json\/wp\/v2\/media?parent=72"}],"curies":[{"name":"wp","href":"https:\/\/api.w.org\/{rel}","templated":true}]}}