{"id":49,"date":"2025-02-20T05:04:08","date_gmt":"2025-02-20T04:04:08","guid":{"rendered":"https:\/\/khnasls.cluster021.hosting.ovh.net\/?page_id=49"},"modified":"2025-02-26T10:52:27","modified_gmt":"2025-02-26T09:52:27","slug":"taxi-aeroport-nantes-atlantique","status":"publish","type":"page","link":"https:\/\/vtc85.fr\/index.php\/taxi-aeroport-nantes-atlantique\/","title":{"rendered":"A\u00e9roport Nantes Atlantique"},"content":{"rendered":"<p>[et_pb_section fb_built=\u00a0\u00bb1&Prime; fullwidth=\u00a0\u00bbon\u00a0\u00bb _builder_version=\u00a0\u00bb4.27.4&Prime; _module_preset=\u00a0\u00bbdefault\u00a0\u00bb background_image=\u00a0\u00bbhttps:\/\/vtc85.fr\/wp-content\/uploads\/2025\/02\/transfert-aeroport-gare.jpg\u00a0\u00bb parallax=\u00a0\u00bbon\u00a0\u00bb locked=\u00a0\u00bboff\u00a0\u00bb global_colors_info=\u00a0\u00bb{}\u00a0\u00bb][et_pb_fullwidth_header title=\u00a0\u00bbTaxi A\u00e9roport Nantes Atlantique (NTE) &#8211; VTC85&Prime; text_orientation=\u00a0\u00bbcenter\u00a0\u00bb header_fullscreen=\u00a0\u00bbon\u00a0\u00bb _builder_version=\u00a0\u00bb4.27.4&Prime; _module_preset=\u00a0\u00bbdefault\u00a0\u00bb title_font=\u00a0\u00bbBitter||||||||\u00a0\u00bb background_color=\u00a0\u00bbrgba(0,0,0,0.55)\u00a0\u00bb global_colors_info=\u00a0\u00bb{}\u00a0\u00bb][\/et_pb_fullwidth_header][\/et_pb_section][et_pb_section fb_built=\u00a0\u00bb1&Prime; _builder_version=\u00a0\u00bb4.27.4&Prime; _module_preset=\u00a0\u00bbdefault\u00a0\u00bb min_height=\u00a0\u00bb309.4px\u00a0\u00bb custom_padding=\u00a0\u00bb||28px|||\u00a0\u00bb locked=\u00a0\u00bboff\u00a0\u00bb global_colors_info=\u00a0\u00bb{}\u00a0\u00bb][et_pb_row _builder_version=\u00a0\u00bb4.27.4&Prime; _module_preset=\u00a0\u00bbdefault\u00a0\u00bb custom_padding=\u00a0\u00bb6px|||||\u00a0\u00bb global_colors_info=\u00a0\u00bb{}\u00a0\u00bb][et_pb_column type=\u00a0\u00bb4_4&Prime; _builder_version=\u00a0\u00bb4.27.4&Prime; _module_preset=\u00a0\u00bbdefault\u00a0\u00bb global_colors_info=\u00a0\u00bb{}\u00a0\u00bb][et_pb_text _builder_version=\u00a0\u00bb4.27.4&Prime; _module_preset=\u00a0\u00bbdefault\u00a0\u00bb text_font_size=\u00a0\u00bb18px\u00a0\u00bb text_line_height=\u00a0\u00bb1.6em\u00a0\u00bb text_orientation=\u00a0\u00bbcenter\u00a0\u00bb min_height=\u00a0\u00bb100.4px\u00a0\u00bb custom_padding=\u00a0\u00bb0px|||||\u00a0\u00bb global_colors_info=\u00a0\u00bb{}\u00a0\u00bb]<\/p>\n<p>Besoin d&rsquo;un taxi pour votre transfert \u00e0 l&rsquo;a\u00e9roport de Nantes Atlantique (NTE) ? VTC85 vous propose un service de VTC Tesla confortable, \u00e9cologique et haut de gamme pour tous vos trajets vers et depuis l&rsquo;a\u00e9roport.<\/p>\n<p>[\/et_pb_text][\/et_pb_column][\/et_pb_row][et_pb_row column_structure=\u00a0\u00bb1_2,1_2&Prime; _builder_version=\u00a0\u00bb4.27.4&Prime; _module_preset=\u00a0\u00bbdefault\u00a0\u00bb width=\u00a0\u00bb100%\u00a0\u00bb max_width=\u00a0\u00bb1140px\u00a0\u00bb custom_padding=\u00a0\u00bb|5px||5px|false|false\u00a0\u00bb global_colors_info=\u00a0\u00bb{}\u00a0\u00bb][et_pb_column type=\u00a0\u00bb1_2&Prime; _builder_version=\u00a0\u00bb4.27.4&Prime; _module_preset=\u00a0\u00bbdefault\u00a0\u00bb global_colors_info=\u00a0\u00bb{}\u00a0\u00bb][et_pb_blurb title=\u00a0\u00bbUn service taxi et VTC pour vos transferts a\u00e9roport \u00e0 Nantes\u00a0\u00bb image=\u00a0\u00bbhttps:\/\/vtc85.fr\/wp-content\/uploads\/2025\/02\/aeroport-transfert-2.jpg\u00a0\u00bb _builder_version=\u00a0\u00bb4.27.4&Prime; _module_preset=\u00a0\u00bbdefault\u00a0\u00bb global_colors_info=\u00a0\u00bb{}\u00a0\u00bb]<\/p>\n<p style=\"text-align: justify;\">VTC85 vous offre une alternative \u00e9cologique et confortable aux taxis traditionnels pour vos transferts a\u00e9roport \u00e0 Nantes. Voyagez \u00e0 bord d&rsquo;une Tesla et profitez du confort de son int\u00e9rieur spacieux et silencieux, et arrivez \u00e0 l&rsquo;a\u00e9roport d\u00e9tendu et pr\u00eat pour votre vol.<\/p>\n<p>[\/et_pb_blurb][\/et_pb_column][et_pb_column type=\u00a0\u00bb1_2&Prime; _builder_version=\u00a0\u00bb4.27.4&Prime; _module_preset=\u00a0\u00bbdefault\u00a0\u00bb global_colors_info=\u00a0\u00bb{}\u00a0\u00bb][et_pb_blurb title=\u00a0\u00bbTransferts personnalis\u00e9s et sur-mesure\u00a0\u00bb image=\u00a0\u00bbhttps:\/\/vtc85.fr\/wp-content\/uploads\/2025\/02\/aeroport-transfert-1.jpg\u00a0\u00bb _builder_version=\u00a0\u00bb4.27.4&Prime; _module_preset=\u00a0\u00bbdefault\u00a0\u00bb global_colors_info=\u00a0\u00bb{}\u00a0\u00bb]<\/p>\n<p style=\"text-align: justify;\">Je vous r\u00e9cup\u00e8re \u00e0 votre domicile, votre h\u00f4tel ou tout autre lieu de votre choix \u00e0 Nantes et dans sa r\u00e9gion, et vous conduis directement \u00e0 l&rsquo;a\u00e9roport de Nantes Atlantique. Je m&rsquo;adapte \u00e0 vos horaires de vol et \u00e0 vos besoins sp\u00e9cifiques.<\/p>\n<p>[\/et_pb_blurb][\/et_pb_column][\/et_pb_row][\/et_pb_section][et_pb_section fb_built=\u00a0\u00bb1&Prime; fullwidth=\u00a0\u00bbon\u00a0\u00bb _builder_version=\u00a0\u00bb4.27.4&Prime; _module_preset=\u00a0\u00bbdefault\u00a0\u00bb background_image=\u00a0\u00bbhttps:\/\/vtc85.fr\/wp-content\/uploads\/2025\/02\/ImageToStl.com_img_1217-scaled.webp\u00a0\u00bb parallax=\u00a0\u00bbon\u00a0\u00bb global_colors_info=\u00a0\u00bb{}\u00a0\u00bb][et_pb_fullwidth_slider _builder_version=\u00a0\u00bb4.27.4&Prime; _module_preset=\u00a0\u00bbdefault\u00a0\u00bb background_color=\u00a0\u00bbrgba(0,0,0,0.66)\u00a0\u00bb global_colors_info=\u00a0\u00bb{}\u00a0\u00bb][et_pb_slide heading=\u00a0\u00bbPonctualit\u00e9 et fiabilit\u00e9 garanties\u00a0\u00bb _builder_version=\u00a0\u00bb4.27.4&Prime; _module_preset=\u00a0\u00bbdefault\u00a0\u00bb global_colors_info=\u00a0\u00bb{}\u00a0\u00bb sticky_transition=\u00a0\u00bbon\u00a0\u00bb]<\/p>\n<p>Je suis un chauffeur VTC exp\u00e9riment\u00e9 et ponctuel. Je vous garantis un service fiable et sans stress pour vos transferts a\u00e9roport \u00e0 Nantes.<\/p>\n<p>[\/et_pb_slide][et_pb_slide heading=\u00a0\u00bbR\u00e9servation facile et rapide en ligne \u00a0\u00bb _builder_version=\u00a0\u00bb4.27.4&Prime; _module_preset=\u00a0\u00bbdefault\u00a0\u00bb global_colors_info=\u00a0\u00bb{}\u00a0\u00bb sticky_transition=\u00a0\u00bbon\u00a0\u00bb]<\/p>\n<p>R\u00e9servez votre VTC Tesla en ligne ou par t\u00e9l\u00e9phone en quelques minutes. Je vous confirmerai votre r\u00e9servation et vous fournirai toutes les informations n\u00e9cessaires pour votre transfert \u00e0 l&rsquo;a\u00e9roport de Nantes.<\/p>\n<p>[\/et_pb_slide][et_pb_slide heading=\u00a0\u00bbConfort exceptionnel \u00a0\u00bb _builder_version=\u00a0\u00bb4.27.4&Prime; _module_preset=\u00a0\u00bbdefault\u00a0\u00bb global_colors_info=\u00a0\u00bb{}\u00a0\u00bb sticky_transition=\u00a0\u00bbon\u00a0\u00bb]<\/p>\n<p>Voyagez dans le silence et le confort d&rsquo;une Tesla, avec des si\u00e8ges en cuir, la climatisation et une connexion Wi-Fi gratuite.<\/p>\n<p>[\/et_pb_slide][\/et_pb_fullwidth_slider][\/et_pb_section][et_pb_section fb_built=\u00a0\u00bb1&Prime; _builder_version=\u00a0\u00bb4.27.4&Prime; _module_preset=\u00a0\u00bbdefault\u00a0\u00bb global_colors_info=\u00a0\u00bb{}\u00a0\u00bb custom_margin=\u00a0\u00bb||-4px|||\u00a0\u00bb custom_padding=\u00a0\u00bb||6px|||\u00a0\u00bb][et_pb_row column_structure=\u00a0\u00bb1_3,1_3,1_3&Prime; _builder_version=\u00a0\u00bb4.27.4&Prime; _module_preset=\u00a0\u00bbdefault\u00a0\u00bb global_colors_info=\u00a0\u00bb{}\u00a0\u00bb][et_pb_column type=\u00a0\u00bb1_3&Prime; _builder_version=\u00a0\u00bb4.27.4&Prime; _module_preset=\u00a0\u00bbdefault\u00a0\u00bb global_colors_info=\u00a0\u00bb{}\u00a0\u00bb][et_pb_blurb title=\u00a0\u00bb\u00c9cologique et responsable \u00a0\u00bb use_icon=\u00a0\u00bbon\u00a0\u00bb _builder_version=\u00a0\u00bb4.27.4&Prime; _module_preset=\u00a0\u00bbdefault\u00a0\u00bb custom_padding=\u00a0\u00bb|5px||5px|false|false\u00a0\u00bb global_colors_info=\u00a0\u00bb{}\u00a0\u00bb]<\/p>\n<p style=\"text-align: justify;\">Optez pour un mode de transport respectueux de l&rsquo;environnement en choisissant un VTC Tesla<\/p>\n<p>[\/et_pb_blurb][\/et_pb_column][et_pb_column type=\u00a0\u00bb1_3&Prime; _builder_version=\u00a0\u00bb4.27.4&Prime; _module_preset=\u00a0\u00bbdefault\u00a0\u00bb global_colors_info=\u00a0\u00bb{}\u00a0\u00bb][et_pb_blurb title=\u00a0\u00bbImage professionnelle\u00a0\u00bb use_icon=\u00a0\u00bbon\u00a0\u00bb _builder_version=\u00a0\u00bb4.27.4&Prime; _module_preset=\u00a0\u00bbdefault\u00a0\u00bb custom_padding=\u00a0\u00bb|5px||5px|false|false\u00a0\u00bb global_colors_info=\u00a0\u00bb{}\u00a0\u00bb]<\/p>\n<p>Arrivez \u00e0 l&rsquo;a\u00e9roport avec style et \u00e9l\u00e9gance \u00e0 bord d&rsquo;une Tesla.<\/p>\n<p>[\/et_pb_blurb][\/et_pb_column][et_pb_column type=\u00a0\u00bb1_3&Prime; _builder_version=\u00a0\u00bb4.27.4&Prime; _module_preset=\u00a0\u00bbdefault\u00a0\u00bb global_colors_info=\u00a0\u00bb{}\u00a0\u00bb][et_pb_blurb title=\u00a0\u00bbGain de temps\u00a0\u00bb use_icon=\u00a0\u00bbon\u00a0\u00bb _builder_version=\u00a0\u00bb4.27.4&Prime; _module_preset=\u00a0\u00bbdefault\u00a0\u00bb custom_padding=\u00a0\u00bb|5px||5px|false|false\u00a0\u00bb global_colors_info=\u00a0\u00bb{}\u00a0\u00bb]<\/p>\n<p>\u00c9vitez les files d&rsquo;attente de taxis et profitez d&rsquo;un transfert rapide et efficace vers l&rsquo;a\u00e9roport de Nantes.<\/p>\n<p>[\/et_pb_blurb][\/et_pb_column][\/et_pb_row][\/et_pb_section][et_pb_section fb_built=\u00a0\u00bb1&Prime; _builder_version=\u00a0\u00bb4.27.4&Prime; _module_preset=\u00a0\u00bbdefault\u00a0\u00bb locked=\u00a0\u00bboff\u00a0\u00bb global_colors_info=\u00a0\u00bb{}\u00a0\u00bb][et_pb_row _builder_version=\u00a0\u00bb4.27.4&Prime; _module_preset=\u00a0\u00bbdefault\u00a0\u00bb global_colors_info=\u00a0\u00bb{}\u00a0\u00bb][et_pb_column type=\u00a0\u00bb4_4&Prime; _builder_version=\u00a0\u00bb4.27.4&Prime; _module_preset=\u00a0\u00bbdefault\u00a0\u00bb global_colors_info=\u00a0\u00bb{}\u00a0\u00bb][et_pb_text _builder_version=\u00a0\u00bb4.27.4&Prime; _module_preset=\u00a0\u00bbdefault\u00a0\u00bb text_orientation=\u00a0\u00bbcenter\u00a0\u00bb global_colors_info=\u00a0\u00bb{}\u00a0\u00bb]<\/p>\n<h4>R\u00e9servez votre taxi a\u00e9roport Nantes Atlantique d\u00e8s maintenant et voyagez en toute s\u00e9r\u00e9nit\u00e9 avec VTC85 !<\/h4>\n<p>[\/et_pb_text][\/et_pb_column][\/et_pb_row][et_pb_row _builder_version=\u00a0\u00bb4.27.4&Prime; _module_preset=\u00a0\u00bbdefault\u00a0\u00bb global_colors_info=\u00a0\u00bb{}\u00a0\u00bb][et_pb_column type=\u00a0\u00bb4_4&Prime; _builder_version=\u00a0\u00bb4.27.4&Prime; _module_preset=\u00a0\u00bbdefault\u00a0\u00bb global_colors_info=\u00a0\u00bb{}\u00a0\u00bb][et_pb_button button_url=\u00a0\u00bbhttps:\/\/vtc85.fr\/index.php\/contact\/\u00a0\u00bb button_text=\u00a0\u00bbDemandez votre devis gratuit\u00a0\u00bb button_alignment=\u00a0\u00bbcenter\u00a0\u00bb _builder_version=\u00a0\u00bb4.27.4&Prime; _module_preset=\u00a0\u00bbdefault\u00a0\u00bb custom_button=\u00a0\u00bbon\u00a0\u00bb button_text_size=\u00a0\u00bb20px\u00a0\u00bb button_text_color=\u00a0\u00bb#000000&Prime; global_colors_info=\u00a0\u00bb{}\u00a0\u00bb][\/et_pb_button][\/et_pb_column][\/et_pb_row][et_pb_row _builder_version=\u00a0\u00bb4.27.4&Prime; _module_preset=\u00a0\u00bbdefault\u00a0\u00bb global_colors_info=\u00a0\u00bb{}\u00a0\u00bb][et_pb_column type=\u00a0\u00bb4_4&Prime; _builder_version=\u00a0\u00bb4.27.4&Prime; _module_preset=\u00a0\u00bbdefault\u00a0\u00bb global_colors_info=\u00a0\u00bb{}\u00a0\u00bb][et_pb_image src=\u00a0\u00bbhttps:\/\/vtc85.fr\/wp-content\/uploads\/2025\/02\/zero-emission.jpg\u00a0\u00bb title_text=\u00a0\u00bbzero-emission\u00a0\u00bb align=\u00a0\u00bbcenter\u00a0\u00bb _builder_version=\u00a0\u00bb4.27.4&Prime; _module_preset=\u00a0\u00bbdefault\u00a0\u00bb global_colors_info=\u00a0\u00bb{}\u00a0\u00bb][\/et_pb_image][\/et_pb_column][\/et_pb_row][\/et_pb_section]<\/p>\n","protected":false},"excerpt":{"rendered":"<p>Besoin d&rsquo;un taxi pour votre transfert \u00e0 l&rsquo;a\u00e9roport de Nantes Atlantique (NTE) ? VTC85 vous propose un service de VTC Tesla confortable, \u00e9cologique et haut de gamme pour tous vos trajets vers et depuis l&rsquo;a\u00e9roport.VTC85 vous offre une alternative \u00e9cologique et confortable aux taxis traditionnels pour vos transferts a\u00e9roport \u00e0 Nantes. Voyagez \u00e0 bord d&rsquo;une Tesla et profitez du confort de son int\u00e9rieur spacieux et silencieux, et arrivez \u00e0 l&rsquo;a\u00e9roport d\u00e9tendu et pr\u00eat pour votre vol.Je vous r\u00e9cup\u00e8re \u00e0 votre domicile, votre h\u00f4tel ou tout autre lieu de votre choix \u00e0 Nantes et dans sa r\u00e9gion, et vous conduis directement \u00e0 l&rsquo;a\u00e9roport de Nantes Atlantique. Je m&rsquo;adapte \u00e0 vos horaires de vol et \u00e0 vos besoins sp\u00e9cifiques.Je suis un chauffeur VTC exp\u00e9riment\u00e9 et ponctuel. Je vous garantis un service fiable et sans stress pour vos transferts a\u00e9roport \u00e0 Nantes.R\u00e9servez votre VTC Tesla en ligne ou par t\u00e9l\u00e9phone en quelques minutes. Je vous confirmerai votre r\u00e9servation et vous fournirai toutes les informations n\u00e9cessaires pour votre transfert \u00e0 l&rsquo;a\u00e9roport de Nantes.Voyagez dans le silence et le confort d&rsquo;une Tesla, avec des si\u00e8ges en cuir, la climatisation et une connexion Wi-Fi gratuite.Optez pour un mode de transport respectueux de l&rsquo;environnement en choisissant un VTC TeslaArrivez \u00e0 l&rsquo;a\u00e9roport avec style et \u00e9l\u00e9gance \u00e0 bord d&rsquo;une Tesla.\u00c9vitez les files d&rsquo;attente de taxis et profitez d&rsquo;un transfert rapide et efficace vers l&rsquo;a\u00e9roport de Nantes.R\u00e9servez votre taxi a\u00e9roport Nantes Atlantique d\u00e8s maintenant et voyagez en toute s\u00e9r\u00e9nit\u00e9 avec VTC85 !<\/p>\n","protected":false},"author":1,"featured_media":0,"parent":0,"menu_order":0,"comment_status":"closed","ping_status":"closed","template":"","meta":{"_et_pb_use_builder":"on","_et_pb_old_content":"","_et_gb_content_width":"","footnotes":""},"class_list":["post-49","page","type-page","status-publish","hentry"],"_links":{"self":[{"href":"https:\/\/vtc85.fr\/index.php\/wp-json\/wp\/v2\/pages\/49","targetHints":{"allow":["GET"]}}],"collection":[{"href":"https:\/\/vtc85.fr\/index.php\/wp-json\/wp\/v2\/pages"}],"about":[{"href":"https:\/\/vtc85.fr\/index.php\/wp-json\/wp\/v2\/types\/page"}],"author":[{"embeddable":true,"href":"https:\/\/vtc85.fr\/index.php\/wp-json\/wp\/v2\/users\/1"}],"replies":[{"embeddable":true,"href":"https:\/\/vtc85.fr\/index.php\/wp-json\/wp\/v2\/comments?post=49"}],"version-history":[{"count":8,"href":"https:\/\/vtc85.fr\/index.php\/wp-json\/wp\/v2\/pages\/49\/revisions"}],"predecessor-version":[{"id":181,"href":"https:\/\/vtc85.fr\/index.php\/wp-json\/wp\/v2\/pages\/49\/revisions\/181"}],"wp:attachment":[{"href":"https:\/\/vtc85.fr\/index.php\/wp-json\/wp\/v2\/media?parent=49"}],"curies":[{"name":"wp","href":"https:\/\/api.w.org\/{rel}","templated":true}]}}